            {"id":2227,"date":"2022-03-17T16:14:44","date_gmt":"2022-03-17T15:14:44","guid":{"rendered":"http:\/\/localhost\/Mistral%20Shipping\/?page_id=2227"},"modified":"2023-01-10T14:28:37","modified_gmt":"2023-01-10T13:28:37","slug":"road-freight","status":"publish","type":"page","link":"https:\/\/www.mistralshipping-int.com\/fr\/road-freight\/","title":{"rendered":"Fret routier"},"content":{"rendered":"<div data-elementor-type=\"wp-page\" data-elementor-id=\"2227\" class=\"elementor elementor-2227\">\n\t\t\t\t\t\t<section class=\"elementor-section elementor-top-section elementor-element elementor-element-d6c6e6b transx_front_about elementor-hidden-tablet elementor-hidden-phone elementor-section-full_width elementor-section-stretched elementor-section-height-default elementor-section-height-default\" data-id=\"d6c6e6b\" data-element_type=\"section\" data-settings=\"{&quot;background_background&quot;:&quot;classic&quot;,&quot;stretch_section&quot;:&quot;section-stretched&quot;}\">\n\t\t\t\t\t\t\t<div class=\"elementor-background-overlay\"><\/div>\n\t\t\t\t\t\t\t<div class=\"elementor-container elementor-column-gap-extended\">\n\t\t\t\t\t<div class=\"elementor-column elementor-col-33 elementor-top-column elementor-element elementor-element-c10817d\" data-id=\"c10817d\" data-element_type=\"column\" data-settings=\"{&quot;background_background&quot;:&quot;classic&quot;}\">\n\t\t\t<div class=\"elementor-widget-wrap elementor-element-populated\">\n\t\t\t\t\t\t<div class=\"elementor-element elementor-element-f5344dc elementor-widget elementor-widget-image\" data-id=\"f5344dc\" data-element_type=\"widget\" data-widget_type=\"image.default\">\n\t\t\t\t<div class=\"elementor-widget-container\">\n\t\t\t\t\t\t\t\t\t\t\t\t\t\t\t<img fetchpriority=\"high\" decoding=\"async\" width=\"360\" height=\"513\" src=\"https:\/\/www.mistralshipping-int.com\/wp-content\/uploads\/2022\/03\/Road-freight.jpg\" class=\"attachment-large size-large wp-image-1888\" alt=\"image mistralshipping\" srcset=\"https:\/\/www.mistralshipping-int.com\/wp-content\/uploads\/2022\/03\/Road-freight.jpg 360w, https:\/\/www.mistralshipping-int.com\/wp-content\/uploads\/2022\/03\/Road-freight-211x300.jpg 211w\" sizes=\"(max-width: 360px) 100vw, 360px\" \/>\t\t\t\t\t\t\t\t\t\t\t\t\t\t\t<\/div>\n\t\t\t\t<\/div>\n\t\t\t\t\t<\/div>\n\t\t<\/div>\n\t\t\t\t<div class=\"elementor-column elementor-col-66 elementor-top-column elementor-element elementor-element-dbf883d\" data-id=\"dbf883d\" data-element_type=\"column\">\n\t\t\t<div class=\"elementor-widget-wrap elementor-element-populated\">\n\t\t\t\t\t\t<div class=\"elementor-element elementor-element-a27aaf1 elementor-widget elementor-widget-transx_heading\" data-id=\"a27aaf1\" data-element_type=\"widget\" data-widget_type=\"transx_heading.default\">\n\t\t\t\t<div class=\"elementor-widget-container\">\n\t\t\t\t\t\n        <div class=\"transx_heading_widget\">\n                                <div class=\"transx_up_heading\"><\/div>\n                    \n                <h1 class=\"transx_heading\">\n                    Fret routier en Tunisie &amp; Maroc\n<h1 style=\"color:#fff;font-size:17px;margin-top:2%\">Prestataire de fret routier \u2013 Porte \u00e0 porte - Fret routier International - Transport Tunisie<\/h1>                <\/h1>\n                        <\/div>\n        \t\t\t\t<\/div>\n\t\t\t\t<\/div>\n\t\t\t\t<div class=\"elementor-element elementor-element-ad4dbba elementor-widget elementor-widget-text-editor\" data-id=\"ad4dbba\" data-element_type=\"widget\" data-widget_type=\"text-editor.default\">\n\t\t\t\t<div class=\"elementor-widget-container\">\n\t\t\t\t\t\t\t\t\t<p>Nous comptons de solides liens avec les principaux transporteurs routiers Europ\u00e9ens, ce qui nous permet d\u2019offrir tous types de solutions par route entre le Maghreb et l\u2019Europe ainsi que pour les trafics intra-europ\u00e9ens.<\/p><p>Nous tirons avantage de ces relations avec les soci\u00e9t\u00e9s TIR pour garantir la disponibilit\u00e9 des \u00e9quipements surtout pour les trafics en flux tendu pour l\u2019industrie automobile et textile.<\/p><p>\u00a0Nous sommes aussi tr\u00e8s engag\u00e9s dans le transport de produits p\u00e9rissables dans les camions frigorifique depuis le Maghreb vers toutes les destinations europ\u00e9ennes avec un transit time tr\u00e8s r\u00e9duit allant de 2 \u00e0 4 jours.<\/p>\t\t\t\t\t\t\t\t<\/div>\n\t\t\t\t<\/div>\n\t\t\t\t\t<\/div>\n\t\t<\/div>\n\t\t\t\t\t<\/div>\n\t\t<\/section>\n\t\t\t\t<section class=\"elementor-section elementor-top-section elementor-element elementor-element-6771608 elementor-section-boxed elementor-section-height-default elementor-section-height-default\" data-id=\"6771608\" data-element_type=\"section\">\n\t\t\t\t\t\t<div class=\"elementor-container elementor-column-gap-default\">\n\t\t\t\t\t<div class=\"elementor-column elementor-col-100 elementor-top-column elementor-element elementor-element-002aab6\" data-id=\"002aab6\" data-element_type=\"column\">\n\t\t\t<div class=\"elementor-widget-wrap elementor-element-populated\">\n\t\t\t\t\t\t<div class=\"elementor-element elementor-element-3b25f7a elementor-widget elementor-widget-transx_heading\" data-id=\"3b25f7a\" data-element_type=\"widget\" data-widget_type=\"transx_heading.default\">\n\t\t\t\t<div class=\"elementor-widget-container\">\n\t\t\t\t\t\n        <div class=\"transx_heading_widget\">\n                                <div class=\"transx_up_heading\">Mistral Shipping<\/div>\n                                        <div class=\"transx_up_heading_overlay\">Mistral Shipping<\/div>\n                    \n                <h2 class=\"transx_heading\">\n                    Nos services logistiques en Tunisie &amp; Maroc                <\/h2>\n                        <\/div>\n        \t\t\t\t<\/div>\n\t\t\t\t<\/div>\n\t\t\t\t<div class=\"elementor-element elementor-element-4e0941a elementor-widget elementor-widget-transx_heading\" data-id=\"4e0941a\" data-element_type=\"widget\" data-widget_type=\"transx_heading.default\">\n\t\t\t\t<div class=\"elementor-widget-container\">\n\t\t\t\t\t\n        <div class=\"transx_heading_widget\">\n                                <div class=\"transx_up_heading\"><\/div>\n                                        <div class=\"transx_up_heading_overlay\"><\/div>\n                    \n                <h2 class=\"transx_heading\">\n                    Fret a\u00e9rien - Fret maritime - Fret routier- Transport Express- Transport hors gabarit                <\/h2>\n                        <\/div>\n        \t\t\t\t<\/div>\n\t\t\t\t<\/div>\n\t\t\t\t\t<\/div>\n\t\t<\/div>\n\t\t\t\t\t<\/div>\n\t\t<\/section>\n\t\t\t\t<section class=\"elementor-section elementor-top-section elementor-element elementor-element-2cdfe80 elementor-section-stretched transx_container_wide elementor-section-boxed elementor-section-height-default elementor-section-height-default\" data-id=\"2cdfe80\" data-element_type=\"section\" data-settings=\"{&quot;stretch_section&quot;:&quot;section-stretched&quot;,&quot;background_background&quot;:&quot;gradient&quot;}\">\n\t\t\t\t\t\t<div class=\"elementor-container elementor-column-gap-narrow\">\n\t\t\t\t\t<div class=\"elementor-column elementor-col-25 elementor-top-column elementor-element elementor-element-784745f demiMobile\" data-id=\"784745f\" data-element_type=\"column\">\n\t\t\t<div class=\"elementor-widget-wrap elementor-element-populated\">\n\t\t\t\t\t\t<div class=\"elementor-element elementor-element-891175b elementor-widget elementor-widget-transx_linked_item\" data-id=\"891175b\" data-element_type=\"widget\" data-widget_type=\"transx_linked_item.default\">\n\t\t\t\t<div class=\"elementor-widget-container\">\n\t\t\t\t\t\n        <div class=\"transx_linked_item_widget\">\n            <div class=\"transx_linked_item\">\n                                    <a class=\"transx_linked_item_wrapper\" href=\"https:\/\/www.mistralshipping-int.com\/index.php\/air-freight\/\" >\n                                        <img decoding=\"async\" class=\"transx_img--bg\" src=\"https:\/\/www.mistralshipping-int.com\/wp-content\/uploads\/2022\/03\/Air-freight.png\" alt=\"Background Image\" \/>\n                    <div class=\"transx_overlay\"><\/div>\n\n                                            <div class=\"transx_linked_item_up_title\"><div>Mistral Shipping services en Tunisie &amp; Maroc<\/div><\/div>\n                        \n                    <div class=\"transx_action_block_inner\">\n                                                    <h5>\n                                \n                                    <span class=\"transx_linked_item_title\">Fret a\u00e9rien en Tunisie &amp; Maroc<\/span>\n\n                                                                <\/h5>\n                                                <\/div>\n\n                                        <\/a>\n                                <\/div>\n        <\/div>\n        \t\t\t\t<\/div>\n\t\t\t\t<\/div>\n\t\t\t\t\t<\/div>\n\t\t<\/div>\n\t\t\t\t<div class=\"elementor-column elementor-col-25 elementor-top-column elementor-element elementor-element-8d35cef demiMobile\" data-id=\"8d35cef\" data-element_type=\"column\">\n\t\t\t<div class=\"elementor-widget-wrap elementor-element-populated\">\n\t\t\t\t\t\t<div class=\"elementor-element elementor-element-1f28a83 elementor-widget elementor-widget-transx_linked_item\" data-id=\"1f28a83\" data-element_type=\"widget\" data-widget_type=\"transx_linked_item.default\">\n\t\t\t\t<div class=\"elementor-widget-container\">\n\t\t\t\t\t\n        <div class=\"transx_linked_item_widget\">\n            <div class=\"transx_linked_item\">\n                                    <a class=\"transx_linked_item_wrapper\" href=\"https:\/\/www.mistralshipping-int.com\/index.php\/sea-freight\/\" >\n                                        <img decoding=\"async\" class=\"transx_img--bg\" src=\"https:\/\/www.mistralshipping-int.com\/wp-content\/uploads\/2022\/03\/Sea-freight.jpg\" alt=\"Background Image\" \/>\n                    <div class=\"transx_overlay\"><\/div>\n\n                                            <div class=\"transx_linked_item_up_title\"><div>Mistral Shipping services en Tunisie &amp; Maroc<\/div><\/div>\n                        \n                    <div class=\"transx_action_block_inner\">\n                                                    <h5>\n                                \n                                    <span class=\"transx_linked_item_title\">Fret maritime en Tunisie &amp; Maroc<\/span>\n\n                                                                <\/h5>\n                                                <\/div>\n\n                                        <\/a>\n                                <\/div>\n        <\/div>\n        \t\t\t\t<\/div>\n\t\t\t\t<\/div>\n\t\t\t\t\t<\/div>\n\t\t<\/div>\n\t\t\t\t<div class=\"elementor-column elementor-col-25 elementor-top-column elementor-element elementor-element-baee5c5 demiMobile\" data-id=\"baee5c5\" data-element_type=\"column\">\n\t\t\t<div class=\"elementor-widget-wrap elementor-element-populated\">\n\t\t\t\t\t\t<div class=\"elementor-element elementor-element-9bdaebf elementor-widget elementor-widget-transx_linked_item\" data-id=\"9bdaebf\" data-element_type=\"widget\" data-widget_type=\"transx_linked_item.default\">\n\t\t\t\t<div class=\"elementor-widget-container\">\n\t\t\t\t\t\n        <div class=\"transx_linked_item_widget\">\n            <div class=\"transx_linked_item\">\n                                    <a class=\"transx_linked_item_wrapper\" href=\"https:\/\/www.mistralshipping-int.com\/fr\/time-critical-deliveries\/\" >\n                                        <img decoding=\"async\" class=\"transx_img--bg\" src=\"https:\/\/www.mistralshipping-int.com\/wp-content\/uploads\/2022\/04\/Time-critical-cargo-delivery.jpg\" alt=\"Background Image\" \/>\n                    <div class=\"transx_overlay\"><\/div>\n\n                                            <div class=\"transx_linked_item_up_title\"><div>Mistral Shipping services en Tunisie &amp; Maroc<\/div><\/div>\n                        \n                    <div class=\"transx_action_block_inner\">\n                                                    <h5>\n                                \n                                    <span class=\"transx_linked_item_title\">Agence de Yachting en Tunisie &amp; Maroc<\/span>\n\n                                                                <\/h5>\n                                                <\/div>\n\n                                        <\/a>\n                                <\/div>\n        <\/div>\n        \t\t\t\t<\/div>\n\t\t\t\t<\/div>\n\t\t\t\t\t<\/div>\n\t\t<\/div>\n\t\t\t\t<div class=\"elementor-column elementor-col-25 elementor-top-column elementor-element elementor-element-58eff3f demiMobile\" data-id=\"58eff3f\" data-element_type=\"column\">\n\t\t\t<div class=\"elementor-widget-wrap elementor-element-populated\">\n\t\t\t\t\t\t<div class=\"elementor-element elementor-element-b2e5727 elementor-widget elementor-widget-transx_linked_item\" data-id=\"b2e5727\" data-element_type=\"widget\" data-widget_type=\"transx_linked_item.default\">\n\t\t\t\t<div class=\"elementor-widget-container\">\n\t\t\t\t\t\n        <div class=\"transx_linked_item_widget\">\n            <div class=\"transx_linked_item\">\n                                    <a class=\"transx_linked_item_wrapper\" href=\"https:\/\/www.mistralshipping-int.com\/fr\/project-operations-oog\/\" >\n                                        <img decoding=\"async\" class=\"transx_img--bg\" src=\"https:\/\/www.mistralshipping-int.com\/wp-content\/uploads\/2022\/04\/ian-taylor-jOqJbvo1P9g-unsplash-750x500-1.jpg\" alt=\"Background Image\" \/>\n                    <div class=\"transx_overlay\"><\/div>\n\n                                            <div class=\"transx_linked_item_up_title\"><div>Mistral Shipping services en Tunisie &amp; Maroc<\/div><\/div>\n                        \n                    <div class=\"transx_action_block_inner\">\n                                                    <h5>\n                                \n                                    <span class=\"transx_linked_item_title\">Agence maritime en Tunisie &amp; Maroc<\/span>\n\n                                                                <\/h5>\n                                                <\/div>\n\n                                        <\/a>\n                                <\/div>\n        <\/div>\n        \t\t\t\t<\/div>\n\t\t\t\t<\/div>\n\t\t\t\t\t<\/div>\n\t\t<\/div>\n\t\t\t\t\t<\/div>\n\t\t<\/section>\n\t\t\t\t<\/div>","protected":false},"excerpt":{"rendered":"<p>Having developed strong ties with the main European transporters, we are able to offer our clients a multitude of road freight solutions for cargo moving between North Africa and Europe as well as Intra-European traffic. We take advantage of this strong relationship with trucking companies to ensure equipment availability for just-in-time deliveries all over Europe. [&hellip;]<\/p>","protected":false},"author":1,"featured_media":0,"parent":0,"menu_order":0,"comment_status":"closed","ping_status":"closed","template":"","meta":{"footnotes":""},"class_list":["post-2227","page","type-page","status-publish","hentry"],"aioseo_notices":[],"_links":{"self":[{"href":"https:\/\/www.mistralshipping-int.com\/fr\/wp-json\/wp\/v2\/pages\/2227","targetHints":{"allow":["GET"]}}],"collection":[{"href":"https:\/\/www.mistralshipping-int.com\/fr\/wp-json\/wp\/v2\/pages"}],"about":[{"href":"https:\/\/www.mistralshipping-int.com\/fr\/wp-json\/wp\/v2\/types\/page"}],"author":[{"embeddable":true,"href":"https:\/\/www.mistralshipping-int.com\/fr\/wp-json\/wp\/v2\/users\/1"}],"replies":[{"embeddable":true,"href":"https:\/\/www.mistralshipping-int.com\/fr\/wp-json\/wp\/v2\/comments?post=2227"}],"version-history":[{"count":80,"href":"https:\/\/www.mistralshipping-int.com\/fr\/wp-json\/wp\/v2\/pages\/2227\/revisions"}],"predecessor-version":[{"id":6835,"href":"https:\/\/www.mistralshipping-int.com\/fr\/wp-json\/wp\/v2\/pages\/2227\/revisions\/6835"}],"wp:attachment":[{"href":"https:\/\/www.mistralshipping-int.com\/fr\/wp-json\/wp\/v2\/media?parent=2227"}],"curies":[{"name":"wp","href":"https:\/\/api.w.org\/{rel}","templated":true}]}}