            {"id":2225,"date":"2022-03-17T16:14:06","date_gmt":"2022-03-17T15:14:06","guid":{"rendered":"http:\/\/localhost\/Mistral%20Shipping\/?page_id=2225"},"modified":"2023-01-06T16:39:16","modified_gmt":"2023-01-06T15:39:16","slug":"project-operations-oog","status":"publish","type":"page","link":"https:\/\/www.mistralshipping-int.com\/fr\/project-operations-oog\/","title":{"rendered":"Transport hors gabarit"},"content":{"rendered":"<div data-elementor-type=\"wp-page\" data-elementor-id=\"2225\" class=\"elementor elementor-2225\">\n\t\t\t\t\t\t<section class=\"elementor-section elementor-top-section elementor-element elementor-element-5d09bcb elementor-reverse-tablet elementor-reverse-mobile elementor-section-boxed elementor-section-height-default elementor-section-height-default\" data-id=\"5d09bcb\" data-element_type=\"section\">\n\t\t\t\t\t\t<div class=\"elementor-container elementor-column-gap-default\">\n\t\t\t\t\t<div class=\"elementor-column elementor-col-50 elementor-top-column elementor-element elementor-element-bcc9351\" data-id=\"bcc9351\" data-element_type=\"column\">\n\t\t\t<div class=\"elementor-widget-wrap elementor-element-populated\">\n\t\t\t\t\t\t<div class=\"elementor-element elementor-element-8fa0b6d elementor-widget elementor-widget-transx_heading\" data-id=\"8fa0b6d\" data-element_type=\"widget\" data-widget_type=\"transx_heading.default\">\n\t\t\t\t<div class=\"elementor-widget-container\">\n\t\t\t\t\t\n        <div class=\"transx_heading_widget\">\n                                <div class=\"transx_up_heading\">OOG<\/div>\n                    \n                <h1 class=\"transx_heading\">\n                    Transport hors gabarit en Tunisie &amp; Maroc\n<h1 style=\"font-size:17px;margin-top:2%\">Transport - Fret maritime - Conteneur - Porte \u00e0 porte - Livraison \u00e0 bord - Cargo maritime Tunisie<\/h1>                <\/h1>\n                        <\/div>\n        \t\t\t\t<\/div>\n\t\t\t\t<\/div>\n\t\t\t\t<div class=\"elementor-element elementor-element-f2ae195 elementor-widget elementor-widget-text-editor\" data-id=\"f2ae195\" data-element_type=\"widget\" data-widget_type=\"text-editor.default\">\n\t\t\t\t<div class=\"elementor-widget-container\">\n\t\t\t\t\t\t\t\t\tGrace \u00e0 notre panoplie de transport multimodal, nous pouvons organiser des transports complets door\/door pour la marchandise hors gabarit partout dans le monde. Nous avons un r\u00e9seau de partenaires sp\u00e9cialis\u00e9s dans le transport exceptionnel assurant ainsi un d\u00e9gr\u00e9e \u00e9lev\u00e9e de professionnalisme et de prise des mesures de s\u00e9curit\u00e9.<br>\nNotre exp\u00e9rience dans le transport exceptionnel est tr\u00e8s vari\u00e9e car nous avons g\u00e9r\u00e9 le transport de plusieurs types de marchandises OOG tels que les mat\u00e9riels roulant, \u00e9quipements a\u00e9roportuaires, machines et d\u00e9m\u00e9nagement d\u2019usine enti\u00e8re.<br>Notre \u00e9quipe OOG est extr\u00eamement m\u00e9thodique et m\u00e9ticuleuse dans l\u2019organisation de l\u2019op\u00e9ration transport exceptionnel ne laissant aucun d\u00e9tail au hasard. Notre exp\u00e9rience et savoir-faire nous permettent d\u2019organiser l\u2019op\u00e9ration de bout en bout, allant de la s\u00e9curisation, saisissage et inspection jusqu\u2019\u00e0 l\u2019acheminement et d\u00e9chargement \u00e0 destination.\t\t\t\t\t\t\t\t<\/div>\n\t\t\t\t<\/div>\n\t\t\t\t\t<\/div>\n\t\t<\/div>\n\t\t\t\t<div class=\"elementor-column elementor-col-50 elementor-top-column elementor-element elementor-element-8362ef9\" data-id=\"8362ef9\" data-element_type=\"column\">\n\t\t\t<div class=\"elementor-widget-wrap elementor-element-populated\">\n\t\t\t\t\t\t<div class=\"elementor-element elementor-element-4121fb4 elementor-widget elementor-widget-image\" data-id=\"4121fb4\" data-element_type=\"widget\" data-widget_type=\"image.default\">\n\t\t\t\t<div class=\"elementor-widget-container\">\n\t\t\t\t\t\t\t\t\t\t\t\t\t\t\t<img fetchpriority=\"high\" decoding=\"async\" width=\"1848\" height=\"1250\" src=\"https:\/\/www.mistralshipping-int.com\/wp-content\/uploads\/2022\/03\/Banniere-mistral-shipping-3-1.jpg\" class=\"attachment-full size-full wp-image-2698\" alt=\"image mistralshipping\" srcset=\"https:\/\/www.mistralshipping-int.com\/wp-content\/uploads\/2022\/03\/Banniere-mistral-shipping-3-1.jpg 1848w, https:\/\/www.mistralshipping-int.com\/wp-content\/uploads\/2022\/03\/Banniere-mistral-shipping-3-1-300x203.jpg 300w, https:\/\/www.mistralshipping-int.com\/wp-content\/uploads\/2022\/03\/Banniere-mistral-shipping-3-1-1024x693.jpg 1024w, https:\/\/www.mistralshipping-int.com\/wp-content\/uploads\/2022\/03\/Banniere-mistral-shipping-3-1-768x519.jpg 768w, https:\/\/www.mistralshipping-int.com\/wp-content\/uploads\/2022\/03\/Banniere-mistral-shipping-3-1-1536x1039.jpg 1536w, https:\/\/www.mistralshipping-int.com\/wp-content\/uploads\/2022\/03\/Banniere-mistral-shipping-3-1-600x406.jpg 600w\" sizes=\"(max-width: 1848px) 100vw, 1848px\" \/>\t\t\t\t\t\t\t\t\t\t\t\t\t\t\t<\/div>\n\t\t\t\t<\/div>\n\t\t\t\t\t<\/div>\n\t\t<\/div>\n\t\t\t\t\t<\/div>\n\t\t<\/section>\n\t\t\t\t<section class=\"elementor-section elementor-top-section elementor-element elementor-element-8ed5b88 elementor-section-boxed elementor-section-height-default elementor-section-height-default\" data-id=\"8ed5b88\" data-element_type=\"section\">\n\t\t\t\t\t\t<div class=\"elementor-container elementor-column-gap-default\">\n\t\t\t\t\t<div class=\"elementor-column elementor-col-100 elementor-top-column elementor-element elementor-element-94c82b8\" data-id=\"94c82b8\" data-element_type=\"column\">\n\t\t\t<div class=\"elementor-widget-wrap elementor-element-populated\">\n\t\t\t\t\t\t<div class=\"elementor-element elementor-element-9c1bf6b elementor-widget elementor-widget-transx_heading\" data-id=\"9c1bf6b\" data-element_type=\"widget\" data-widget_type=\"transx_heading.default\">\n\t\t\t\t<div class=\"elementor-widget-container\">\n\t\t\t\t\t\n        <div class=\"transx_heading_widget\">\n                                <div class=\"transx_up_heading\">Mistral Shipping<\/div>\n                                        <div class=\"transx_up_heading_overlay\">Mistral Shipping<\/div>\n                    \n                <h2 class=\"transx_heading\">\n                    Nos services logistiques en Tunisie &amp; Maroc                <\/h2>\n                        <\/div>\n        \t\t\t\t<\/div>\n\t\t\t\t<\/div>\n\t\t\t\t<div class=\"elementor-element elementor-element-c095e8f elementor-widget elementor-widget-transx_heading\" data-id=\"c095e8f\" data-element_type=\"widget\" data-widget_type=\"transx_heading.default\">\n\t\t\t\t<div class=\"elementor-widget-container\">\n\t\t\t\t\t\n        <div class=\"transx_heading_widget\">\n                                <div class=\"transx_up_heading\"><\/div>\n                                        <div class=\"transx_up_heading_overlay\"><\/div>\n                    \n                <h2 class=\"transx_heading\">\n                    Fret a\u00e9rien - Fret maritime - Fret routier- Transport Express- Transport hors gabarit                <\/h2>\n                        <\/div>\n        \t\t\t\t<\/div>\n\t\t\t\t<\/div>\n\t\t\t\t\t<\/div>\n\t\t<\/div>\n\t\t\t\t\t<\/div>\n\t\t<\/section>\n\t\t\t\t<section class=\"elementor-section elementor-top-section elementor-element elementor-element-0120542 elementor-section-stretched transx_container_wide elementor-section-boxed elementor-section-height-default elementor-section-height-default\" data-id=\"0120542\" data-element_type=\"section\" data-settings=\"{&quot;stretch_section&quot;:&quot;section-stretched&quot;,&quot;background_background&quot;:&quot;gradient&quot;}\">\n\t\t\t\t\t\t<div class=\"elementor-container elementor-column-gap-narrow\">\n\t\t\t\t\t<div class=\"elementor-column elementor-col-25 elementor-top-column elementor-element elementor-element-d4e1fc6 demiMobile\" data-id=\"d4e1fc6\" data-element_type=\"column\">\n\t\t\t<div class=\"elementor-widget-wrap elementor-element-populated\">\n\t\t\t\t\t\t<div class=\"elementor-element elementor-element-e3144a6 elementor-widget elementor-widget-transx_linked_item\" data-id=\"e3144a6\" data-element_type=\"widget\" data-widget_type=\"transx_linked_item.default\">\n\t\t\t\t<div class=\"elementor-widget-container\">\n\t\t\t\t\t\n        <div class=\"transx_linked_item_widget\">\n            <div class=\"transx_linked_item\">\n                                    <a class=\"transx_linked_item_wrapper\" href=\"https:\/\/www.mistralshipping-int.com\/index.php\/air-freight\/\" >\n                                        <img decoding=\"async\" class=\"transx_img--bg\" src=\"https:\/\/www.mistralshipping-int.com\/wp-content\/uploads\/2022\/03\/Air-freight.png\" alt=\"Background Image\" \/>\n                    <div class=\"transx_overlay\"><\/div>\n\n                                            <div class=\"transx_linked_item_up_title\"><div>Mistral Shipping services en Tunisie &amp; Maroc<\/div><\/div>\n                        \n                    <div class=\"transx_action_block_inner\">\n                                                    <h5>\n                                \n                                    <span class=\"transx_linked_item_title\">Fret a\u00e9rien en Tunisie &amp; Maroc<\/span>\n\n                                                                <\/h5>\n                                                <\/div>\n\n                                        <\/a>\n                                <\/div>\n        <\/div>\n        \t\t\t\t<\/div>\n\t\t\t\t<\/div>\n\t\t\t\t\t<\/div>\n\t\t<\/div>\n\t\t\t\t<div class=\"elementor-column elementor-col-25 elementor-top-column elementor-element elementor-element-666c96a demiMobile\" data-id=\"666c96a\" data-element_type=\"column\">\n\t\t\t<div class=\"elementor-widget-wrap elementor-element-populated\">\n\t\t\t\t\t\t<div class=\"elementor-element elementor-element-7953e5f elementor-widget elementor-widget-transx_linked_item\" data-id=\"7953e5f\" data-element_type=\"widget\" data-widget_type=\"transx_linked_item.default\">\n\t\t\t\t<div class=\"elementor-widget-container\">\n\t\t\t\t\t\n        <div class=\"transx_linked_item_widget\">\n            <div class=\"transx_linked_item\">\n                                    <a class=\"transx_linked_item_wrapper\" href=\"https:\/\/www.mistralshipping-int.com\/index.php\/sea-freight\/\" >\n                                        <img decoding=\"async\" class=\"transx_img--bg\" src=\"https:\/\/www.mistralshipping-int.com\/wp-content\/uploads\/2022\/03\/Sea-freight.jpg\" alt=\"Background Image\" \/>\n                    <div class=\"transx_overlay\"><\/div>\n\n                                            <div class=\"transx_linked_item_up_title\"><div>Mistral Shipping services en Tunisie &amp; Maroc<\/div><\/div>\n                        \n                    <div class=\"transx_action_block_inner\">\n                                                    <h5>\n                                \n                                    <span class=\"transx_linked_item_title\">Fret maritime en Tunisie &amp; Maroc<\/span>\n\n                                                                <\/h5>\n                                                <\/div>\n\n                                        <\/a>\n                                <\/div>\n        <\/div>\n        \t\t\t\t<\/div>\n\t\t\t\t<\/div>\n\t\t\t\t\t<\/div>\n\t\t<\/div>\n\t\t\t\t<div class=\"elementor-column elementor-col-25 elementor-top-column elementor-element elementor-element-0050b63 demiMobile\" data-id=\"0050b63\" data-element_type=\"column\">\n\t\t\t<div class=\"elementor-widget-wrap elementor-element-populated\">\n\t\t\t\t\t\t<div class=\"elementor-element elementor-element-e9c1e49 elementor-widget elementor-widget-transx_linked_item\" data-id=\"e9c1e49\" data-element_type=\"widget\" data-widget_type=\"transx_linked_item.default\">\n\t\t\t\t<div class=\"elementor-widget-container\">\n\t\t\t\t\t\n        <div class=\"transx_linked_item_widget\">\n            <div class=\"transx_linked_item\">\n                                    <a class=\"transx_linked_item_wrapper\" href=\"https:\/\/www.mistralshipping-int.com\/index.php\/road-freight\/\" >\n                                        <img decoding=\"async\" class=\"transx_img--bg\" src=\"https:\/\/www.mistralshipping-int.com\/wp-content\/uploads\/2022\/03\/Road-freight.jpg\" alt=\"Background Image\" \/>\n                    <div class=\"transx_overlay\"><\/div>\n\n                                            <div class=\"transx_linked_item_up_title\"><div>Mistral Shipping services en Tunisie &amp; Maroc<\/div><\/div>\n                        \n                    <div class=\"transx_action_block_inner\">\n                                                    <h5>\n                                \n                                    <span class=\"transx_linked_item_title\">Fret routier en Tunisie &amp; Maroc<\/span>\n\n                                                                <\/h5>\n                                                <\/div>\n\n                                        <\/a>\n                                <\/div>\n        <\/div>\n        \t\t\t\t<\/div>\n\t\t\t\t<\/div>\n\t\t\t\t\t<\/div>\n\t\t<\/div>\n\t\t\t\t<div class=\"elementor-column elementor-col-25 elementor-top-column elementor-element elementor-element-2cee7f9 demiMobile\" data-id=\"2cee7f9\" data-element_type=\"column\">\n\t\t\t<div class=\"elementor-widget-wrap elementor-element-populated\">\n\t\t\t\t\t\t<div class=\"elementor-element elementor-element-7779988 elementor-widget elementor-widget-transx_linked_item\" data-id=\"7779988\" data-element_type=\"widget\" data-widget_type=\"transx_linked_item.default\">\n\t\t\t\t<div class=\"elementor-widget-container\">\n\t\t\t\t\t\n        <div class=\"transx_linked_item_widget\">\n            <div class=\"transx_linked_item\">\n                                    <a class=\"transx_linked_item_wrapper\" href=\"https:\/\/www.mistralshipping-int.com\/fr\/time-critical-deliveries\/\" >\n                                        <img decoding=\"async\" class=\"transx_img--bg\" src=\"https:\/\/www.mistralshipping-int.com\/wp-content\/uploads\/2022\/04\/Time-critical-cargo-delivery.jpg\" alt=\"Background Image\" \/>\n                    <div class=\"transx_overlay\"><\/div>\n\n                                            <div class=\"transx_linked_item_up_title\"><div>Mistral Shipping services en Tunisie &amp; Maroc<\/div><\/div>\n                        \n                    <div class=\"transx_action_block_inner\">\n                                                    <h5>\n                                \n                                    <span class=\"transx_linked_item_title\">Agence de Yachting en Tunisie &amp; Maroc<\/span>\n\n                                                                <\/h5>\n                                                <\/div>\n\n                                        <\/a>\n                                <\/div>\n        <\/div>\n        \t\t\t\t<\/div>\n\t\t\t\t<\/div>\n\t\t\t\t\t<\/div>\n\t\t<\/div>\n\t\t\t\t\t<\/div>\n\t\t<\/section>\n\t\t\t\t<\/div>","protected":false},"excerpt":{"rendered":"<p>Thanks to our range of multimodal services, we can organise complete door\/door shipment of oversized cargo anywhere in the world. We have network of partners with specialized knowledge and experience of project operations, ensuring high level of professionalism, organization and safety measures.Our experience in handling OOG shipments included the transport of large vehicles, pipelines, machinery [&hellip;]<\/p>","protected":false},"author":1,"featured_media":0,"parent":0,"menu_order":0,"comment_status":"closed","ping_status":"closed","template":"","meta":{"footnotes":""},"class_list":["post-2225","page","type-page","status-publish","hentry"],"aioseo_notices":[],"_links":{"self":[{"href":"https:\/\/www.mistralshipping-int.com\/fr\/wp-json\/wp\/v2\/pages\/2225","targetHints":{"allow":["GET"]}}],"collection":[{"href":"https:\/\/www.mistralshipping-int.com\/fr\/wp-json\/wp\/v2\/pages"}],"about":[{"href":"https:\/\/www.mistralshipping-int.com\/fr\/wp-json\/wp\/v2\/types\/page"}],"author":[{"embeddable":true,"href":"https:\/\/www.mistralshipping-int.com\/fr\/wp-json\/wp\/v2\/users\/1"}],"replies":[{"embeddable":true,"href":"https:\/\/www.mistralshipping-int.com\/fr\/wp-json\/wp\/v2\/comments?post=2225"}],"version-history":[{"count":88,"href":"https:\/\/www.mistralshipping-int.com\/fr\/wp-json\/wp\/v2\/pages\/2225\/revisions"}],"predecessor-version":[{"id":6749,"href":"https:\/\/www.mistralshipping-int.com\/fr\/wp-json\/wp\/v2\/pages\/2225\/revisions\/6749"}],"wp:attachment":[{"href":"https:\/\/www.mistralshipping-int.com\/fr\/wp-json\/wp\/v2\/media?parent=2225"}],"curies":[{"name":"wp","href":"https:\/\/api.w.org\/{rel}","templated":true}]}}